{"id":57,"date":"2020-12-05T23:36:26","date_gmt":"2020-12-05T22:36:26","guid":{"rendered":"https:\/\/logisel.org\/ville-emmerin\/wordpress\/?page_id=57"},"modified":"2021-07-19T09:04:11","modified_gmt":"2021-07-19T07:04:11","slug":"les-horaires-de-votre-mairie","status":"publish","type":"page","link":"https:\/\/www.emmerin.fr\/index.php\/les-horaires-de-votre-mairie\/","title":{"rendered":"Horaires de votre mairie"},"content":{"rendered":"\n<figure class=\"wp-block-image size-large\"><img loading=\"lazy\" decoding=\"async\" width=\"1024\" height=\"768\" src=\"https:\/\/logisel.org\/ville-emmerin\/wordpress\/wp-content\/uploads\/2021\/06\/DSCN1478-1024x768.jpg\" alt=\"\" class=\"wp-image-802\" srcset=\"https:\/\/www.emmerin.fr\/wp-content\/uploads\/2021\/06\/DSCN1478-1024x768.jpg 1024w, https:\/\/www.emmerin.fr\/wp-content\/uploads\/2021\/06\/DSCN1478-300x225.jpg 300w, https:\/\/www.emmerin.fr\/wp-content\/uploads\/2021\/06\/DSCN1478-768x576.jpg 768w, https:\/\/www.emmerin.fr\/wp-content\/uploads\/2021\/06\/DSCN1478-1536x1152.jpg 1536w, https:\/\/www.emmerin.fr\/wp-content\/uploads\/2021\/06\/DSCN1478-2048x1536.jpg 2048w, https:\/\/www.emmerin.fr\/wp-content\/uploads\/2021\/06\/DSCN1478-80x60.jpg 80w\" sizes=\"auto, (max-width: 1024px) 100vw, 1024px\" \/><\/figure>\n\n\n\n<p><strong>Le lundi :<\/strong>\u00a0de 8h \u00e0 12h et de 13h30 \u00e0 18h.<\/p>\n\n\n\n<p><strong>Le mardi :<\/strong>\u00a0de 8h \u00e0 12h et de 16h \u00e0 18h.<\/p>\n\n\n\n<p><strong>Le mercredi :<\/strong>\u00a0de 8h \u00e0 12h et de 13h30 \u00e0 18h.<\/p>\n\n\n\n<p><strong>Le jeudi :<\/strong>\u00a0de 8h \u00e0 12h et de 16h \u00e0 18h.<\/p>\n\n\n\n<p><strong>Le vendredi :<\/strong>\u00a0de 8h \u00e0 12h et de 13h30 \u00e0 18h.<\/p>\n\n\n\n<p><strong>Le samedi <strong>:<\/strong><\/strong>\u00a0de 8h \u00e0 12h.<\/p>\n\n\n\n<p><\/p>\n\n\n\n<p class=\"has-vivid-cyan-blue-color has-text-color\">En p\u00e9riode d&rsquo;\u00e9t\u00e9 : <\/p>\n\n\n\n<p><strong>Lundi au vendredi : <\/strong>8h \u00e0 12h et de 16h \u00e0 18h <\/p>\n\n\n\n<p><strong>Samedi : <\/strong>8h \u00e0 12h<\/p>\n","protected":false},"excerpt":{"rendered":"<p>Le lundi :\u00a0de 8h \u00e0 12h et de 13h30 \u00e0 18h. Le mardi :\u00a0de 8h \u00e0 12h et de 16h \u00e0 18h. Le mercredi :\u00a0de 8h \u00e0 12h et de&hellip;<\/p>\n","protected":false},"author":1,"featured_media":0,"parent":0,"menu_order":0,"comment_status":"closed","ping_status":"closed","template":"","meta":{"footnotes":""},"class_list":["post-57","page","type-page","status-publish","hentry"],"_links":{"self":[{"href":"https:\/\/www.emmerin.fr\/index.php\/wp-json\/wp\/v2\/pages\/57","targetHints":{"allow":["GET"]}}],"collection":[{"href":"https:\/\/www.emmerin.fr\/index.php\/wp-json\/wp\/v2\/pages"}],"about":[{"href":"https:\/\/www.emmerin.fr\/index.php\/wp-json\/wp\/v2\/types\/page"}],"author":[{"embeddable":true,"href":"https:\/\/www.emmerin.fr\/index.php\/wp-json\/wp\/v2\/users\/1"}],"replies":[{"embeddable":true,"href":"https:\/\/www.emmerin.fr\/index.php\/wp-json\/wp\/v2\/comments?post=57"}],"version-history":[{"count":7,"href":"https:\/\/www.emmerin.fr\/index.php\/wp-json\/wp\/v2\/pages\/57\/revisions"}],"predecessor-version":[{"id":1063,"href":"https:\/\/www.emmerin.fr\/index.php\/wp-json\/wp\/v2\/pages\/57\/revisions\/1063"}],"wp:attachment":[{"href":"https:\/\/www.emmerin.fr\/index.php\/wp-json\/wp\/v2\/media?parent=57"}],"curies":[{"name":"wp","href":"https:\/\/api.w.org\/{rel}","templated":true}]}}