{"id":466,"date":"2021-02-24T17:27:17","date_gmt":"2021-02-24T16:27:17","guid":{"rendered":"https:\/\/logisel.org\/ville-emmerin\/wordpress\/?page_id=466"},"modified":"2025-07-06T14:15:13","modified_gmt":"2025-07-06T12:15:13","slug":"annuaire-sante","status":"publish","type":"page","link":"https:\/\/www.emmerin.fr\/index.php\/annuaire-sante\/","title":{"rendered":"Annuaire Sant\u00e9"},"content":{"rendered":"\n<p><\/p>\n\n\n\n<figure class=\"wp-block-image size-large\"><img loading=\"lazy\" decoding=\"async\" width=\"910\" height=\"825\" src=\"https:\/\/logisel.org\/ville-emmerin\/wordpress\/wp-content\/uploads\/2021\/03\/health-medical-healthcare-health.jpg\" alt=\"\" class=\"wp-image-586\" srcset=\"https:\/\/www.emmerin.fr\/wp-content\/uploads\/2021\/03\/health-medical-healthcare-health.jpg 910w, https:\/\/www.emmerin.fr\/wp-content\/uploads\/2021\/03\/health-medical-healthcare-health-300x272.jpg 300w, https:\/\/www.emmerin.fr\/wp-content\/uploads\/2021\/03\/health-medical-healthcare-health-768x696.jpg 768w, https:\/\/www.emmerin.fr\/wp-content\/uploads\/2021\/03\/health-medical-healthcare-health-66x60.jpg 66w\" sizes=\"auto, (max-width: 910px) 100vw, 910px\" \/><\/figure>\n\n\n\n<h2 class=\"wp-block-heading has-vivid-cyan-blue-color has-text-color\">AMBULANCES <\/h2>\n\n\n\n<figure class=\"wp-block-table is-style-stripes\"><table class=\"has-fixed-layout\"><tbody><tr><td>Roelants St\u00e9phanie <\/td><td>06 60 39 53 16<\/td><\/tr><\/tbody><\/table><\/figure>\n\n\n\n<h2 class=\"wp-block-heading has-vivid-cyan-blue-color has-text-color\">Medecins G\u00e9n\u00e9ralistes<\/h2>\n\n\n\n<figure class=\"wp-block-table is-style-stripes\"><table><tbody><tr><td>Biausque Sophie<\/td><td>03 20 37 73 25<br>3 Rue Auguste Poti\u00e9<br>59320 Emmerin<\/td><\/tr><tr><td>Bourelly Richard<br>et Virgilio Jean-S\u00e9bastien<\/td><td>03 20 44 72 82<br>39, Rue d&rsquo;Haubourdin<br>59320 Emmerin<\/td><\/tr><tr><td>&nbsp;<\/td><td>&nbsp;<\/td><\/tr><\/tbody><\/table><\/figure>\n\n\n\n<h2 class=\"wp-block-heading has-vivid-cyan-blue-color has-text-color\">Masseurs Kin\u00e9sith\u00e9rapeutes<\/h2>\n\n\n\n<figure class=\"wp-block-table is-style-stripes\"><table><tbody><tr><td>Florence Boutin-WallartS\u00e9verine MahieuxElodie VannesteFabien Wattecamps<\/td><td>Cabinet de soins03 20 50 48 48<br>2bis, rue d&rsquo;Haubourdin<br>59320 Emmerin<\/td><\/tr><\/tbody><\/table><\/figure>\n\n\n\n<figure class=\"wp-block-table is-style-stripes\"><table><tbody><tr><td>&nbsp;<\/td><td>&nbsp;<\/td><\/tr><\/tbody><\/table><\/figure>\n\n\n\n<h2 class=\"wp-block-heading\">Chirurgien dentiste<\/h2>\n\n\n\n<figure class=\"wp-block-table is-style-stripes\"><table><tbody><tr><td><a href=\"https:\/\/www.doctolib.fr\/dentiste\/emmerin\/lauril-lambert\">Dr Lauril Lambert<\/a><br><a href=\"https:\/\/www.doctolib.fr\/dentiste\/emmerin\/lena-leroy\">Dr L\u00e9na Leroy<\/a><br><a href=\"https:\/\/www.doctolib.fr\/dentiste\/emmerin\/celine-chen\">Dr C\u00e9line CHEN<\/a><\/td><td>Cabinet de soins<br>03 20 38 56 88<br>2 bis, rue d&rsquo;Haubourdin 59320 Emmerin<\/td><\/tr><\/tbody><\/table><\/figure>\n\n\n\n<h2 class=\"wp-block-heading\">P\u00e9dicures-podologues<\/h2>\n\n\n\n<figure class=\"wp-block-table is-style-stripes\"><table><tbody><tr><td>Thibaut Durot  et St\u00e9phane Sturbeaux<\/td><td>Cabinet de soins<br>03 20 44 82 66<br>2 bis, rue d&rsquo;Haubourdin 59320 Emmerin<\/td><\/tr><\/tbody><\/table><\/figure>\n\n\n\n<h2 class=\"wp-block-heading\">Orthophonistes<\/h2>\n\n\n\n<figure class=\"wp-block-table is-style-stripes\"><table><tbody><tr><td>Marion Billiau<\/td><td>03 20 93 87 12&nbsp;\/ 06 13 53 46 48<br>4 All\u00e9e de la Bergerie<br>59320 Emmerin<\/td><\/tr><tr><td>Audrey Torris Marle<\/td><td>03 20 93 87 12&nbsp;<br>4 All\u00e9e de la Bergerie<br>59320 Emmerin<\/td><\/tr><tr><td>Virginie Hasbroucq<\/td><td>06 13 21 67 315 Rue Victor Hugo59320 Emmerin<\/td><\/tr><\/tbody><\/table><\/figure>\n\n\n\n<h2 class=\"wp-block-heading\">Infirmiers<\/h2>\n\n\n\n<p>V\u00e9ronique Salingue 06 68 68 47 33 &nbsp;&nbsp;&nbsp;&nbsp;&nbsp;&nbsp;&nbsp;&nbsp;&nbsp;&nbsp;&nbsp;&nbsp;&nbsp;&nbsp;&nbsp;&nbsp;&nbsp;&nbsp;&nbsp;&nbsp;&nbsp;&nbsp;&nbsp; 3 Rue Auguste Poti\u00e9<\/p>\n\n\n\n<p>C\u00e9line Bulteel&nbsp;&nbsp;&nbsp;&nbsp;&nbsp;&nbsp;&nbsp;&nbsp;&nbsp;06 68 68 47 33 &nbsp; &nbsp; &nbsp; &nbsp; &nbsp; &nbsp; &nbsp; &nbsp; &nbsp; &nbsp; &nbsp; &nbsp; 3 Rue Auguste Poti\u00e9<\/p>\n\n\n\n<p>Christian Mure&nbsp;&nbsp;&nbsp;&nbsp; 06 32 19 97 03&nbsp; &nbsp;&nbsp;&nbsp;&nbsp;&nbsp;&nbsp;&nbsp;&nbsp;&nbsp;&nbsp;&nbsp;&nbsp;&nbsp;&nbsp;&nbsp;&nbsp;&nbsp;&nbsp;&nbsp;&nbsp;&nbsp;&nbsp;&nbsp;&nbsp;&nbsp;&nbsp; 5 Rue Victor Hugo<\/p>\n\n\n\n<p>Faouzi Belgacem&nbsp;&nbsp; 06 32 19 97 03&nbsp;&nbsp;&nbsp;&nbsp;&nbsp;&nbsp;&nbsp;&nbsp;&nbsp;&nbsp;&nbsp;&nbsp;&nbsp;&nbsp;&nbsp;&nbsp;&nbsp;&nbsp;&nbsp;&nbsp;&nbsp;&nbsp;&nbsp;&nbsp;&nbsp;&nbsp;&nbsp;&nbsp; 5 Rue Victor Hugo<\/p>\n\n\n\n<figure class=\"wp-block-table is-style-stripes\"><table><tbody><tr><td>V\u00e9ronique Loridan&nbsp; 06 68 68 47 33<br>Philippe Caron&nbsp;&nbsp;&nbsp;&nbsp;&nbsp;&nbsp; 06 77 59 46 82<\/td><td><br>&nbsp;<\/td><\/tr><\/tbody><\/table><\/figure>\n\n\n\n<h2 class=\"wp-block-heading\">Pharmacie<\/h2>\n\n\n\n<figure class=\"wp-block-table is-style-stripes\"><table><tbody><tr><td>Pharmacie Selosse<\/td><td>03 20 07 38 02<br>5 Rue Victor Hugo<br>59320 Emmerin<\/td><\/tr><\/tbody><\/table><\/figure>\n\n\n\n<h2 class=\"wp-block-heading\"><em>Th\u00e9rapies br\u00e8ves : sophrologie, hypnose et analyse transactionnelle<\/em><\/h2>\n\n\n\n<figure class=\"wp-block-table is-style-stripes\"><table><tbody><tr><td>Eug\u00e9nie MIGNOT<\/td><td><strong><em>11 rue du Maire Castel<br>59320 Emmerin<\/em><\/strong><br><br><strong><em>07 68 61 86 58<\/em><\/strong><\/td><\/tr><tr><td>&nbsp;<\/td><td>&nbsp;<\/td><\/tr><\/tbody><\/table><\/figure>\n","protected":false},"excerpt":{"rendered":"<p>AMBULANCES Roelants St\u00e9phanie 06 60 39 53 16 Medecins G\u00e9n\u00e9ralistes Biausque Sophie 03 20 37 73 253 Rue Auguste Poti\u00e959320 Emmerin Bourelly Richardet Virgilio Jean-S\u00e9bastien 03 20 44 72 8239,&hellip;<\/p>\n","protected":false},"author":1,"featured_media":0,"parent":0,"menu_order":0,"comment_status":"closed","ping_status":"closed","template":"","meta":{"footnotes":""},"class_list":["post-466","page","type-page","status-publish","hentry"],"_links":{"self":[{"href":"https:\/\/www.emmerin.fr\/index.php\/wp-json\/wp\/v2\/pages\/466","targetHints":{"allow":["GET"]}}],"collection":[{"href":"https:\/\/www.emmerin.fr\/index.php\/wp-json\/wp\/v2\/pages"}],"about":[{"href":"https:\/\/www.emmerin.fr\/index.php\/wp-json\/wp\/v2\/types\/page"}],"author":[{"embeddable":true,"href":"https:\/\/www.emmerin.fr\/index.php\/wp-json\/wp\/v2\/users\/1"}],"replies":[{"embeddable":true,"href":"https:\/\/www.emmerin.fr\/index.php\/wp-json\/wp\/v2\/comments?post=466"}],"version-history":[{"count":5,"href":"https:\/\/www.emmerin.fr\/index.php\/wp-json\/wp\/v2\/pages\/466\/revisions"}],"predecessor-version":[{"id":4682,"href":"https:\/\/www.emmerin.fr\/index.php\/wp-json\/wp\/v2\/pages\/466\/revisions\/4682"}],"wp:attachment":[{"href":"https:\/\/www.emmerin.fr\/index.php\/wp-json\/wp\/v2\/media?parent=466"}],"curies":[{"name":"wp","href":"https:\/\/api.w.org\/{rel}","templated":true}]}}