{"id":442,"date":"2021-02-24T17:05:19","date_gmt":"2021-02-24T16:05:19","guid":{"rendered":"https:\/\/logisel.org\/ville-emmerin\/wordpress\/?page_id=442"},"modified":"2026-04-15T10:56:08","modified_gmt":"2026-04-15T08:56:08","slug":"info-energie","status":"publish","type":"page","link":"https:\/\/www.emmerin.fr\/index.php\/info-energie\/","title":{"rendered":"Info-Energie"},"content":{"rendered":"\n<p class=\"has-vivid-cyan-blue-color has-text-color has-medium-font-size\">UN ESPACE INFO-ENERGIE&nbsp;AU SERVICE DE VOTRE HABITAT<\/p>\n\n\n\n<p><\/p>\n\n\n\n<figure class=\"wp-block-image size-large is-resized\"><img loading=\"lazy\" decoding=\"async\" width=\"275\" height=\"183\" src=\"https:\/\/logisel.org\/ville-emmerin\/wordpress\/wp-content\/uploads\/2021\/03\/images.jpg\" alt=\"\" class=\"wp-image-588\" style=\"width:536px;height:357px\" srcset=\"https:\/\/www.emmerin.fr\/wp-content\/uploads\/2021\/03\/images.jpg 275w, https:\/\/www.emmerin.fr\/wp-content\/uploads\/2021\/03\/images-90x60.jpg 90w\" sizes=\"auto, (max-width: 275px) 100vw, 275px\" \/><\/figure>\n\n\n\n<p><\/p>\n\n\n\n<p><strong>Un conseil de proximit\u00e9 neutre, pratique et gratuit tout au long de votre projet.<\/strong><\/p>\n\n\n\n<p><\/p>\n\n\n\n<p>Vous vous posez les questions suivantes : Quelle \u00e9nergie est la moins ch\u00e8re ? La moins polluante ? Comment isoler mon logement ? Quel syst\u00e8me de chauffage choisir ? Le solaire, \u00e7a marche dans le Nord ? Quelles aides financi\u00e8res sont accord\u00e9es pour mes travaux ? Par o\u00f9 commencer ?<\/p>\n\n\n\n<p>Un conseiller Info Energie est&nbsp;\u00e0 votre disposition dans notre commune, chaque deuxi\u00e8me Lundi matin du mois, de 9h30 \u00e0 12h00, sur rendez-vous, pour&nbsp;r\u00e9pondre \u00e0 vos questions concernant votre projet de r\u00e9novation, de construction ou de r\u00e9duction de vos consommations d\u2019\u00e9nergie.<\/p>\n\n\n\n<p><\/p>\n\n\n\n<p><strong>&nbsp;Les Espaces Info Energie&nbsp;vous conseillent gratuitement et de mani\u00e8re objective<\/strong> pour la ma\u00eetrise de vos consommations d\u2019\u00e9nergie (chauffage, isolation, \u00e9clairage) et le recours aux \u00e9nergies renouvelables (solaire, g\u00e9othermie, biomasse\u2026).<\/p>\n\n\n\n<p>&nbsp;Ils vous <strong>apportent des solutions concr\u00e8tes<\/strong>, pratiques et techniques sur la r\u00e9novation, disposent de documentations adapt\u00e9es et vous guident vers des professionnels qualifi\u00e9s.&nbsp;Ils vous renseigneront \u00e9galement sur les aides financi\u00e8res et les programmes d\u2019accompagnement \u00e0 l\u2019am\u00e9lioration de l\u2019habitat.&nbsp;Membres du r\u00e9seau \u00ab&nbsp;r\u00e9novation info-service&nbsp;\u00bb, ces Espaces Info Energie sont soutenus par <strong>l\u2019<a rel=\"noreferrer noopener\" href=\"http:\/\/www2.ademe.fr\/servlet\/getDoc?id=11433&amp;m=3cid=96\" target=\"_blank\">ADEME<\/a>,<\/strong> le Conseil R\u00e9gional Nord Pas-de-Calais et Lille M\u00e9tropole.<\/p>\n\n\n\n<figure class=\"wp-block-image size-large\"><img loading=\"lazy\" decoding=\"async\" width=\"1024\" height=\"478\" src=\"https:\/\/logisel.org\/ville-emmerin\/wordpress\/wp-content\/uploads\/2021\/03\/Energie-info-RVB-1024x478.jpg\" alt=\"\" class=\"wp-image-591\" srcset=\"https:\/\/www.emmerin.fr\/wp-content\/uploads\/2021\/03\/Energie-info-RVB-1024x478.jpg 1024w, https:\/\/www.emmerin.fr\/wp-content\/uploads\/2021\/03\/Energie-info-RVB-300x140.jpg 300w, https:\/\/www.emmerin.fr\/wp-content\/uploads\/2021\/03\/Energie-info-RVB-768x359.jpg 768w, https:\/\/www.emmerin.fr\/wp-content\/uploads\/2021\/03\/Energie-info-RVB-1536x717.jpg 1536w, https:\/\/www.emmerin.fr\/wp-content\/uploads\/2021\/03\/Energie-info-RVB-2048x956.jpg 2048w, https:\/\/www.emmerin.fr\/wp-content\/uploads\/2021\/03\/Energie-info-RVB-129x60.jpg 129w\" sizes=\"auto, (max-width: 1024px) 100vw, 1024px\" \/><\/figure>\n\n\n\n<p><\/p>\n\n\n\n<p><strong>Prenez donc rendez-vous avec votre conseiller Info Energie .<\/strong><\/p>\n\n\n\n<p>Vous pouvez \u00e9galement vous rendre \u00e0 la<strong> Maison de l&rsquo;Habitat Durable<\/strong>, v\u00e9ritable lieu ressources en mati\u00e8re de r\u00e9novation \u00e9nerg\u00e9tique et environnementale qui a r\u00e9cemment ouvert ses portes au 7 bis rue racine \u00e0 Lille ou sur le site internet d\u00e9di\u00e9&nbsp;:&nbsp;<a rel=\"noreferrer noopener\" href=\"http:\/\/maisonhabitatdurable-lillemetropole.fr\/\" target=\"_blank\">maisonhabitatdurable-lillemetropole.fr<\/a><\/p>\n\n\n\n<p><\/p>\n\n\n<div class=\"wp-block-image\">\n<figure class=\"aligncenter size-large is-resized\"><img loading=\"lazy\" decoding=\"async\" width=\"830\" height=\"1024\" src=\"https:\/\/logisel.org\/ville-emmerin\/wordpress\/wp-content\/uploads\/2021\/03\/Logo_MEL-1-830x1024.png\" alt=\"\" class=\"wp-image-589\" style=\"width:277px;height:341px\" srcset=\"https:\/\/www.emmerin.fr\/wp-content\/uploads\/2021\/03\/Logo_MEL-1-830x1024.png 830w, https:\/\/www.emmerin.fr\/wp-content\/uploads\/2021\/03\/Logo_MEL-1-243x300.png 243w, https:\/\/www.emmerin.fr\/wp-content\/uploads\/2021\/03\/Logo_MEL-1-768x947.png 768w, https:\/\/www.emmerin.fr\/wp-content\/uploads\/2021\/03\/Logo_MEL-1-49x60.png 49w, https:\/\/www.emmerin.fr\/wp-content\/uploads\/2021\/03\/Logo_MEL-1.png 1200w\" sizes=\"auto, (max-width: 830px) 100vw, 830px\" \/><\/figure>\n<\/div>\n\n\n<p><\/p>\n\n\n\n<p><\/p>\n\n\n\n<p><strong>MaPrimeR\u00e9nov\u2019&nbsp;<\/strong><\/p>\n\n\n\n<p>MaPrimeR\u00e9nov\u2019 constitue&nbsp;un soutien financier&nbsp;mis en place par l\u2019\u00c9tat afin d\u2019encourager les travaux visant \u00e0 am\u00e9liorer l\u2019efficacit\u00e9 \u00e9nerg\u00e9tique des habitations, en s\u2019appuyant notamment sur le diagnostic de performance \u00e9nerg\u00e9tique (DPE). Dans un contexte o\u00f9 les normes se renforcent progressivement, le DPE occupe une place cl\u00e9 \u00e0 partir de 2026. Il permet \u00e0 la fois de situer le niveau \u00e9nerg\u00e9tique initial d\u2019un logement et d\u2019\u00e9valuer les b\u00e9n\u00e9fices obtenus apr\u00e8s r\u00e9novation. Ces \u00e9l\u00e9ments ont un impact direct sur les crit\u00e8res d\u2019acc\u00e8s \u00e0 l\u2019aide ainsi que sur son montant, incitant ainsi les propri\u00e9taires \u00e0 engager des travaux plus complets, surtout pour les logements les plus \u00e9nergivores. Cette aide est accessible aux propri\u00e9taires occupants comme aux bailleurs, sous r\u00e9serve que le logement concern\u00e9 respecte une anciennet\u00e9 g\u00e9n\u00e9ralement fix\u00e9e \u00e0 plus de 15 ans, sauf exceptions. Le niveau de prise en charge d\u00e9pend des revenus du foyer. Le recours \u00e0 un artisan certifi\u00e9&nbsp;<a href=\"https:\/\/www.ecologie.gouv.fr\/politiques-publiques\/label-reconnu-garant-lenvironnement-rge\" target=\"_blank\" rel=\"noreferrer noopener\">Reconnu Garant de l\u2019Environnement<\/a>&nbsp;(RGE) est indispensable pour garantir la conformit\u00e9 des travaux et b\u00e9n\u00e9ficier du dispositif. La d\u00e9marche s\u2019effectue en ligne via un formulaire d\u00e9taill\u00e9 qui prend en compte les caract\u00e9ristiques du bien, les travaux envisag\u00e9s et la situation financi\u00e8re du demandeur. Une estimation du montant de l\u2019aide peut alors \u00eatre propos\u00e9e, pouvant couvrir jusqu\u2019\u00e0 90 % des d\u00e9penses, avec des plafonds qui d\u00e9passent parfois 10 000 \u20ac, avant validation par l\u2019Agence nationale de l\u2019habitat et paiement apr\u00e8s la fin des travaux, avec la possibilit\u00e9 d\u2019obtenir une avance.<\/p>\n\n\n\n<p>Dans une logique de r\u00e9novation globale, les travaux portant sur&nbsp;la toiture&nbsp;repr\u00e9sentent un levier important. Cela concerne notamment l\u2019isolation des combles, l\u2019isolation ext\u00e9rieure, la remise en \u00e9tat de la couverture, l\u2019installation de fen\u00eatres de toit ou encore la mise en place de panneaux solaires. Ces am\u00e9liorations jouent un r\u00f4le direct sur la performance \u00e9nerg\u00e9tique du logement, en particulier pour les habitations class\u00e9es F ou G, o\u00f9 les pertes de chaleur par le toit sont \u00e9lev\u00e9es. Faire intervenir un&nbsp;<a href=\"https:\/\/www.trustup.fr\/fr\/entreprises\/couvreur\/a-caudry\" target=\"_blank\" rel=\"noreferrer noopener\">couvreur \u00e0 Caudry<\/a>&nbsp;permet ainsi de traiter efficacement ces probl\u00e9matiques li\u00e9es \u00e0 l\u2019enveloppe du b\u00e2timent, en compl\u00e9ment des autres actions engag\u00e9es pour optimiser les performances \u00e9nerg\u00e9tiques en 2026. Pour \u00eatre pleinement efficace,&nbsp;une r\u00e9novation \u00e9nerg\u00e9tique&nbsp;doit \u00eatre pens\u00e9e dans sa globalit\u00e9. L\u2019isolation de la toiture doit \u00eatre coordonn\u00e9e avec la ventilation, l\u2019isolation des murs et le renouvellement des \u00e9quipements de chauffage ou de production d\u2019eau chaude. Une organisation rigoureuse des travaux permet d\u2019am\u00e9liorer durablement&nbsp;le confort thermique, de valoriser le bien sur le march\u00e9 immobilier et de r\u00e9pondre aux contraintes r\u00e9glementaires li\u00e9es \u00e0 la location des logements les plus \u00e9nergivores.<\/p>\n\n\n\n<p class=\"has-vivid-cyan-blue-color has-white-background-color has-text-color has-background has-huge-font-size\">Contacter votre conseill\u00e8re:<\/p>\n\n\n\n<p>Madame Perrine Dhellemmes,<\/p>\n\n\n\n<p>Conseiller Info Energie de l&rsquo;Union R\u00e9gionale CLCV*<\/p>\n\n\n\n<p><strong>03 20 85 80 81<\/strong><\/p>\n\n\n\n<p><a href=\"http:\/\/eie.lille@clcv.org\/\">eie.lille@clcv.org<\/a><\/p>\n\n\n\n<p>108 rue d&rsquo;Arras<\/p>\n\n\n\n<p>59000 LILLE<\/p>\n\n\n\n<p><strong>Conseils par t\u00e9l\u00e9phone,&nbsp;mails et sur rendez-vous.<\/strong><\/p>\n\n\n\n<p>Permanence&nbsp;le 2\u00e8me&nbsp;mercredi de chaque&nbsp;mois&nbsp;dans votre village.<\/p>\n\n\n\n<p>*L&rsquo;association Consommation Logement Cadre de vie ou CLCV est l&rsquo;une des plus importantes associations fran\u00e7aises de consommateurs et d&rsquo;usagers.<\/p>\n","protected":false},"excerpt":{"rendered":"<p>UN ESPACE INFO-ENERGIE&nbsp;AU SERVICE DE VOTRE HABITAT Un conseil de proximit\u00e9 neutre, pratique et gratuit tout au long de votre projet. Vous vous posez les questions suivantes : Quelle \u00e9nergie&hellip;<\/p>\n","protected":false},"author":1,"featured_media":0,"parent":0,"menu_order":0,"comment_status":"closed","ping_status":"closed","template":"","meta":{"footnotes":""},"class_list":["post-442","page","type-page","status-publish","hentry"],"_links":{"self":[{"href":"https:\/\/www.emmerin.fr\/index.php\/wp-json\/wp\/v2\/pages\/442","targetHints":{"allow":["GET"]}}],"collection":[{"href":"https:\/\/www.emmerin.fr\/index.php\/wp-json\/wp\/v2\/pages"}],"about":[{"href":"https:\/\/www.emmerin.fr\/index.php\/wp-json\/wp\/v2\/types\/page"}],"author":[{"embeddable":true,"href":"https:\/\/www.emmerin.fr\/index.php\/wp-json\/wp\/v2\/users\/1"}],"replies":[{"embeddable":true,"href":"https:\/\/www.emmerin.fr\/index.php\/wp-json\/wp\/v2\/comments?post=442"}],"version-history":[{"count":4,"href":"https:\/\/www.emmerin.fr\/index.php\/wp-json\/wp\/v2\/pages\/442\/revisions"}],"predecessor-version":[{"id":5216,"href":"https:\/\/www.emmerin.fr\/index.php\/wp-json\/wp\/v2\/pages\/442\/revisions\/5216"}],"wp:attachment":[{"href":"https:\/\/www.emmerin.fr\/index.php\/wp-json\/wp\/v2\/media?parent=442"}],"curies":[{"name":"wp","href":"https:\/\/api.w.org\/{rel}","templated":true}]}}