{"id":294,"date":"2021-02-23T14:21:01","date_gmt":"2021-02-23T13:21:01","guid":{"rendered":"https:\/\/logisel.org\/ville-emmerin\/wordpress\/?page_id=294"},"modified":"2022-12-29T11:45:39","modified_gmt":"2022-12-29T10:45:39","slug":"ludotheque-municipale-la-berjeurie","status":"publish","type":"page","link":"https:\/\/www.emmerin.fr\/index.php\/ludotheque-municipale-la-berjeurie\/","title":{"rendered":"LUDOTHEQUE MUNICIPALE                                                                   \u00ab\u00a0La Berjeurie\u00a0\u00bb"},"content":{"rendered":"\n<p><\/p>\n\n\n\n<p><\/p>\n\n\n\n<p><\/p>\n\n\n<div class=\"wp-block-image\">\n<figure class=\"aligncenter size-large\"><img loading=\"lazy\" decoding=\"async\" width=\"965\" height=\"723\" src=\"https:\/\/logisel.org\/ville-emmerin\/wordpress\/wp-content\/uploads\/2021\/02\/PhotosBulletinMunicipal010-1.jpg\" alt=\"\" class=\"wp-image-295\" srcset=\"https:\/\/www.emmerin.fr\/wp-content\/uploads\/2021\/02\/PhotosBulletinMunicipal010-1.jpg 965w, https:\/\/www.emmerin.fr\/wp-content\/uploads\/2021\/02\/PhotosBulletinMunicipal010-1-300x225.jpg 300w, https:\/\/www.emmerin.fr\/wp-content\/uploads\/2021\/02\/PhotosBulletinMunicipal010-1-768x575.jpg 768w, https:\/\/www.emmerin.fr\/wp-content\/uploads\/2021\/02\/PhotosBulletinMunicipal010-1-80x60.jpg 80w\" sizes=\"auto, (max-width: 965px) 100vw, 965px\" \/><\/figure>\n<\/div>\n\n\n<p class=\"has-vivid-cyan-blue-color has-text-color\"><br>1 Bis rue Auguste Poti\u00e9 \u00e0 Emmerin<br>06 70 74 11 02<\/p>\n\n\n\n<p><\/p>\n\n\n\n<p><\/p>\n\n\n\n<h2 class=\"has-text-align-center wp-block-heading\"><strong>JOUER, GRANDIR, S\u2019EVEILLER, S\u2019EXPRIMER<\/strong><\/h2>\n\n\n\n<p>C\u2019est un espace de&nbsp;<strong>jeu libre<\/strong>&nbsp;pour les petits&nbsp;et pour les grands avec des jouets 1er \u00e2ge (espace moteur), des jeux symboliques (coin cuisine, playmobil\u2026), des d\u00e9guisements, des puzzles, des jeux de construction, des jeux de soci\u00e9t\u00e9 mais aussi des jeux surdimensionn\u00e9s, des jeux traditionnels du Nord\u2026<br><br><br>Fr\u00e9quent\u00e9 par 230&nbsp;familles, ce lieu convivial accueille les enfants accompagn\u00e9s de leur(s) parent(s) d\u00e8s la Petite Enfance (avant 7 ans les enfants doivent \u00eatre accompagn\u00e9s d&rsquo;un adulte).<br>Les adultes qui souhaitent venir partager un moment de jeu ou d\u00e9couvrir des jeux seul, en famille, entre amis&nbsp;y sont les bienvenus.<br><\/p>\n\n\n\n<p>C\u2019est un lieu d&rsquo;accueil&nbsp;pour des s\u00e9ances de Jeu sur place \u00e0 destination des familles, mais aussi des assistantes maternelles agr\u00e9\u00e9es ou des collectivit\u00e9s.                                                                                                                                                  Les lundis matins, les enfants fr\u00e9quentant la MAM sont accueillis pour un temps de jeu sur place;                                      Les mardis de 9h00 \u00e011h00 la ludoth\u00e8que est r\u00e9serv\u00e9e aux assistant(e)s maternel(le)s agr\u00e9(\u00e9)es pour venir partager un temps de jeu avec des enfants.                                                                                                                                                    Penser \u00e0 prendre rendez-vous au pr\u00e9alable par mail \u00e0 laberjeurie@orange.fr ou par t\u00e9l\u00e9phone.<\/p>\n\n\n\n<p>La \u00ab\u00a0Ber<em>Jeu<\/em>rie\u00a0\u00bb&nbsp;propose \u00e9galement des&nbsp;temps de Jeu&nbsp;dans les diff\u00e9rents accueils p\u00e9ri et extra-scolaires municipaux (Accueils de Loisirs, Accueil P\u00e9riscolaire, Mercredis R\u00e9cr\u00e9atifs).&nbsp; &nbsp; &nbsp; <\/p>\n\n\n\n<p>&nbsp; &nbsp; &nbsp; &nbsp; &nbsp; &nbsp; &nbsp; &nbsp; &nbsp; <\/p>\n\n\n\n<p>Depuis le mois de novembre 2012 la ludoth\u00e8que propose \u00e9galement un service de&nbsp;pr\u00eat de jeux et jouets.<\/p>\n\n\n\n<p>Une partie du catalogue de jeux est consultable en ligne sur https:\/\/frama.link\/ludoemmerin<\/p>\n\n\n\n<p><\/p>\n\n\n\n<p><\/p>\n\n\n\n<p>Nathalie et Lucas vous&nbsp;proposent&nbsp;aussi d&rsquo;organiser les anniversaires de vos enfants (cr\u00e9neaux certains samedis apr\u00e8s-midis de 15h00 \u00e0 17h00), pour plus de renseignements, n&rsquo;h\u00e9sitez pas \u00e0 les contacter ou \u00e0 venir les&nbsp;rencontrer sur place.<\/p>\n\n\n\n<p><\/p>\n\n\n\n<p>Depuis 2017, Lucas propose et anime des s\u00e9ances de Jeu de r\u00f4le ou de Warhammer les samedis (hors vacances scolaires) ainsi que des sessions sp\u00e9ciales&nbsp;pendant les vacances (\u00e0 partir de 10 ans);&nbsp;du&nbsp;Troll Ball peut compl\u00e9ter ces temps de jeu sur certains cr\u00e9neaux.<\/p>\n\n\n\n<p><br><br>Anim\u00e9e par&nbsp;<strong>Nathalie<\/strong>&nbsp;et&nbsp;<strong>Lucas.<\/strong><\/p>\n\n\n\n<p>Responsable : Nathalie VANACKERE<\/p>\n\n\n\n<h2 class=\"wp-block-heading\">Horaires : <\/h2>\n\n\n\n<p class=\"has-vivid-cyan-blue-color has-text-color\" style=\"font-size:22px\"><br>Mardi de 17h \u00e0 18h30<br>Mercredi de 13h30 \u00e0 18h30<br>Samedi de 9h \u00e0 12h et de 13h30 \u00e0 17h 30<\/p>\n\n\n\n<p><\/p>\n\n\n\n<p><\/p>\n\n\n\n<p class=\"has-medium-font-size\">R\u00e9servation pr\u00e9alable par t\u00e9l\u00e9phone n\u00e9cessaire<\/p>\n\n\n\n<p><\/p>\n\n\n\n<p><\/p>\n\n\n\n<p><\/p>\n\n\n\n<h2 class=\"has-vivid-cyan-blue-color has-text-color wp-block-heading\" style=\"font-size:33px\"><\/h2>\n\n\n\n<figure class=\"wp-block-image size-large is-resized is-style-default\"><img loading=\"lazy\" decoding=\"async\" src=\"https:\/\/www.villeneuvelesmaguelone.fr\/wp-content\/uploads\/2019\/10\/Jeux-de-societe.jpg\" alt=\"\" width=\"682\" height=\"327\"\/><\/figure>\n\n\n\n<p><strong>Tarifs<\/strong><\/p>\n\n\n\n<p><\/p>\n\n\n\n<div class=\"wp-block-file\"><a id=\"wp-block-file--media-4fc81a89-4c98-4e5c-943f-57908b9c1324\" href=\"https:\/\/www.emmerin.fr\/wp-content\/uploads\/2022\/12\/Ludotheque_2022122912245498.pdf\">Ludotheque_2022122912245498<\/a><a href=\"https:\/\/www.emmerin.fr\/wp-content\/uploads\/2022\/12\/Ludotheque_2022122912245498.pdf\" class=\"wp-block-file__button wp-element-button\" download aria-describedby=\"wp-block-file--media-4fc81a89-4c98-4e5c-943f-57908b9c1324\">T\u00e9l\u00e9charger<\/a><\/div>\n\n\n\n<p><\/p>\n\n\n\n<h2 class=\"wp-block-heading\">T\u00e9l\u00e9chargement de la Fiche Inscription <\/h2>\n\n\n\n<p><\/p>\n\n\n\n<div class=\"wp-block-file\"><a id=\"wp-block-file--media-4fd2d27e-7e6f-45ae-a1b8-f37765820139\" href=\"https:\/\/logisel.org\/ville-emmerin\/wordpress\/wp-content\/uploads\/2021\/03\/Inscription-FAMILIALE.pdf\">Inscription-FAMILIALE<\/a><a href=\"https:\/\/logisel.org\/ville-emmerin\/wordpress\/wp-content\/uploads\/2021\/03\/Inscription-FAMILIALE.pdf\" class=\"wp-block-file__button wp-element-button\" download aria-describedby=\"wp-block-file--media-4fd2d27e-7e6f-45ae-a1b8-f37765820139\">T\u00e9l\u00e9charger<\/a><\/div>\n\n\n\n<p><\/p>\n\n\n\n<div class=\"wp-block-file\"><a id=\"wp-block-file--media-6c3cf139-f833-4e94-a459-9fdb41b21c78\" href=\"https:\/\/logisel.org\/ville-emmerin\/wordpress\/wp-content\/uploads\/2021\/03\/AFFICHE-pret-covid.pdf\">AFFICHE-pret-covid<\/a><a href=\"https:\/\/logisel.org\/ville-emmerin\/wordpress\/wp-content\/uploads\/2021\/03\/AFFICHE-pret-covid.pdf\" class=\"wp-block-file__button wp-element-button\" download aria-describedby=\"wp-block-file--media-6c3cf139-f833-4e94-a459-9fdb41b21c78\">T\u00e9l\u00e9charger<\/a><\/div>\n","protected":false},"excerpt":{"rendered":"<p>1 Bis rue Auguste Poti\u00e9 \u00e0 Emmerin06 70 74 11 02 JOUER, GRANDIR, S\u2019EVEILLER, S\u2019EXPRIMER C\u2019est un espace de&nbsp;jeu libre&nbsp;pour les petits&nbsp;et pour les grands avec des jouets 1er \u00e2ge&hellip;<\/p>\n","protected":false},"author":1,"featured_media":0,"parent":0,"menu_order":0,"comment_status":"closed","ping_status":"closed","template":"","meta":{"footnotes":""},"class_list":["post-294","page","type-page","status-publish","hentry"],"_links":{"self":[{"href":"https:\/\/www.emmerin.fr\/index.php\/wp-json\/wp\/v2\/pages\/294","targetHints":{"allow":["GET"]}}],"collection":[{"href":"https:\/\/www.emmerin.fr\/index.php\/wp-json\/wp\/v2\/pages"}],"about":[{"href":"https:\/\/www.emmerin.fr\/index.php\/wp-json\/wp\/v2\/types\/page"}],"author":[{"embeddable":true,"href":"https:\/\/www.emmerin.fr\/index.php\/wp-json\/wp\/v2\/users\/1"}],"replies":[{"embeddable":true,"href":"https:\/\/www.emmerin.fr\/index.php\/wp-json\/wp\/v2\/comments?post=294"}],"version-history":[{"count":20,"href":"https:\/\/www.emmerin.fr\/index.php\/wp-json\/wp\/v2\/pages\/294\/revisions"}],"predecessor-version":[{"id":2965,"href":"https:\/\/www.emmerin.fr\/index.php\/wp-json\/wp\/v2\/pages\/294\/revisions\/2965"}],"wp:attachment":[{"href":"https:\/\/www.emmerin.fr\/index.php\/wp-json\/wp\/v2\/media?parent=294"}],"curies":[{"name":"wp","href":"https:\/\/api.w.org\/{rel}","templated":true}]}}