{"id":290,"date":"2021-02-23T14:12:04","date_gmt":"2021-02-23T13:12:04","guid":{"rendered":"https:\/\/logisel.org\/ville-emmerin\/wordpress\/?page_id=290"},"modified":"2026-02-15T18:40:53","modified_gmt":"2026-02-15T17:40:53","slug":"parents-deleves","status":"publish","type":"page","link":"https:\/\/www.emmerin.fr\/index.php\/parents-deleves\/","title":{"rendered":"Parents d&rsquo;\u00e9l\u00e8ves"},"content":{"rendered":"\n<figure class=\"wp-block-image size-full\"><img loading=\"lazy\" decoding=\"async\" width=\"282\" height=\"179\" src=\"https:\/\/www.emmerin.fr\/wp-content\/uploads\/2026\/02\/APE.png\" alt=\"\" class=\"wp-image-5108\" srcset=\"https:\/\/www.emmerin.fr\/wp-content\/uploads\/2026\/02\/APE.png 282w, https:\/\/www.emmerin.fr\/wp-content\/uploads\/2026\/02\/APE-140x89.png 140w\" sizes=\"auto, (max-width: 282px) 100vw, 282px\" \/><\/figure>\n\n\n\n<h2 class=\"wp-block-heading has-text-align-center has-vivid-cyan-blue-color has-text-color has-normal-font-size\">Membres du bureau : 2025\/2026<\/h2>\n\n\n\n<p><strong>Pr\u00e9sidente :<\/strong> Elodie Ledoux<\/p>\n\n\n\n<p><strong>Vice-pr\u00e9sidente :<\/strong> Laetitia Brunelle<\/p>\n\n\n\n<p><strong>Tr\u00e9sori\u00e8re :<\/strong> C\u00e9line Chr\u00e9tien<\/p>\n\n\n\n<p><strong>Vice-tr\u00e9sori\u00e8re :<\/strong> Caroline Patoux<\/p>\n\n\n\n<p><strong>Secr\u00e9taire :<\/strong> Tiphanie Capelle Boutard<\/p>\n\n\n\n<p><strong>Vice-tr\u00e9sori\u00e8re :<\/strong> St\u00e9phanie Lejeune<\/p>\n","protected":false},"excerpt":{"rendered":"<p>Membres du bureau : 2025\/2026 Pr\u00e9sidente : Elodie Ledoux Vice-pr\u00e9sidente : Laetitia Brunelle Tr\u00e9sori\u00e8re : C\u00e9line Chr\u00e9tien Vice-tr\u00e9sori\u00e8re : Caroline Patoux Secr\u00e9taire : Tiphanie Capelle Boutard Vice-tr\u00e9sori\u00e8re : St\u00e9phanie Lejeune<\/p>\n","protected":false},"author":1,"featured_media":0,"parent":0,"menu_order":0,"comment_status":"closed","ping_status":"closed","template":"","meta":{"footnotes":""},"class_list":["post-290","page","type-page","status-publish","hentry"],"_links":{"self":[{"href":"https:\/\/www.emmerin.fr\/index.php\/wp-json\/wp\/v2\/pages\/290","targetHints":{"allow":["GET"]}}],"collection":[{"href":"https:\/\/www.emmerin.fr\/index.php\/wp-json\/wp\/v2\/pages"}],"about":[{"href":"https:\/\/www.emmerin.fr\/index.php\/wp-json\/wp\/v2\/types\/page"}],"author":[{"embeddable":true,"href":"https:\/\/www.emmerin.fr\/index.php\/wp-json\/wp\/v2\/users\/1"}],"replies":[{"embeddable":true,"href":"https:\/\/www.emmerin.fr\/index.php\/wp-json\/wp\/v2\/comments?post=290"}],"version-history":[{"count":11,"href":"https:\/\/www.emmerin.fr\/index.php\/wp-json\/wp\/v2\/pages\/290\/revisions"}],"predecessor-version":[{"id":5109,"href":"https:\/\/www.emmerin.fr\/index.php\/wp-json\/wp\/v2\/pages\/290\/revisions\/5109"}],"wp:attachment":[{"href":"https:\/\/www.emmerin.fr\/index.php\/wp-json\/wp\/v2\/media?parent=290"}],"curies":[{"name":"wp","href":"https:\/\/api.w.org\/{rel}","templated":true}]}}