{"id":2879,"date":"2022-11-30T07:43:16","date_gmt":"2022-11-30T06:43:16","guid":{"rendered":"https:\/\/www.emmerin.fr\/?page_id=2879"},"modified":"2022-11-30T07:43:17","modified_gmt":"2022-11-30T06:43:17","slug":"exposition","status":"publish","type":"page","link":"https:\/\/www.emmerin.fr\/index.php\/exposition\/","title":{"rendered":"EXPOSITION"},"content":{"rendered":"\n<p class=\"has-vivid-purple-color has-text-color\">Pendant le mois de d\u00e9cembre 2022, <\/p>\n\n\n\n<p class=\"has-vivid-purple-color has-text-color\">Candice Zyck, jeune artiste \u00e2g\u00e9e de 11 ans, <\/p>\n\n\n\n<p class=\"has-vivid-purple-color has-text-color\">expose ses \u0153uvres dans la biblioth\u00e8que municipale<\/p>\n\n\n\n<figure class=\"wp-block-image size-medium is-resized\"><img loading=\"lazy\" decoding=\"async\" src=\"https:\/\/www.emmerin.fr\/wp-content\/uploads\/2022\/11\/20221114_1540582-216x300.jpg\" alt=\"\" class=\"wp-image-2881\" width=\"439\" height=\"609\" srcset=\"https:\/\/www.emmerin.fr\/wp-content\/uploads\/2022\/11\/20221114_1540582-216x300.jpg 216w, https:\/\/www.emmerin.fr\/wp-content\/uploads\/2022\/11\/20221114_1540582-768x1068.jpg 768w, https:\/\/www.emmerin.fr\/wp-content\/uploads\/2022\/11\/20221114_1540582-1473x2048.jpg 1473w, https:\/\/www.emmerin.fr\/wp-content\/uploads\/2022\/11\/20221114_1540582-43x60.jpg 43w, https:\/\/www.emmerin.fr\/wp-content\/uploads\/2022\/11\/20221114_1540582-scaled.jpg 1841w\" sizes=\"auto, (max-width: 439px) 100vw, 439px\" \/><\/figure>\n\n\n\n<figure class=\"wp-block-image size-medium is-resized\"><img loading=\"lazy\" decoding=\"async\" src=\"https:\/\/www.emmerin.fr\/wp-content\/uploads\/2022\/11\/20221114_1541262-233x300.jpg\" alt=\"\" class=\"wp-image-2883\" width=\"368\" height=\"474\" srcset=\"https:\/\/www.emmerin.fr\/wp-content\/uploads\/2022\/11\/20221114_1541262-233x300.jpg 233w, https:\/\/www.emmerin.fr\/wp-content\/uploads\/2022\/11\/20221114_1541262-795x1024.jpg 795w, https:\/\/www.emmerin.fr\/wp-content\/uploads\/2022\/11\/20221114_1541262-768x990.jpg 768w, https:\/\/www.emmerin.fr\/wp-content\/uploads\/2022\/11\/20221114_1541262-1192x1536.jpg 1192w, https:\/\/www.emmerin.fr\/wp-content\/uploads\/2022\/11\/20221114_1541262-1589x2048.jpg 1589w, https:\/\/www.emmerin.fr\/wp-content\/uploads\/2022\/11\/20221114_1541262-47x60.jpg 47w, https:\/\/www.emmerin.fr\/wp-content\/uploads\/2022\/11\/20221114_1541262-scaled.jpg 1987w\" sizes=\"auto, (max-width: 368px) 100vw, 368px\" \/><\/figure>\n","protected":false},"excerpt":{"rendered":"<p>Pendant le mois de d\u00e9cembre 2022, Candice Zyck, jeune artiste \u00e2g\u00e9e de 11 ans, expose ses \u0153uvres dans la biblioth\u00e8que municipale<\/p>\n","protected":false},"author":11,"featured_media":0,"parent":0,"menu_order":0,"comment_status":"closed","ping_status":"closed","template":"","meta":{"footnotes":""},"class_list":["post-2879","page","type-page","status-publish","hentry"],"_links":{"self":[{"href":"https:\/\/www.emmerin.fr\/index.php\/wp-json\/wp\/v2\/pages\/2879","targetHints":{"allow":["GET"]}}],"collection":[{"href":"https:\/\/www.emmerin.fr\/index.php\/wp-json\/wp\/v2\/pages"}],"about":[{"href":"https:\/\/www.emmerin.fr\/index.php\/wp-json\/wp\/v2\/types\/page"}],"author":[{"embeddable":true,"href":"https:\/\/www.emmerin.fr\/index.php\/wp-json\/wp\/v2\/users\/11"}],"replies":[{"embeddable":true,"href":"https:\/\/www.emmerin.fr\/index.php\/wp-json\/wp\/v2\/comments?post=2879"}],"version-history":[{"count":4,"href":"https:\/\/www.emmerin.fr\/index.php\/wp-json\/wp\/v2\/pages\/2879\/revisions"}],"predecessor-version":[{"id":2885,"href":"https:\/\/www.emmerin.fr\/index.php\/wp-json\/wp\/v2\/pages\/2879\/revisions\/2885"}],"wp:attachment":[{"href":"https:\/\/www.emmerin.fr\/index.php\/wp-json\/wp\/v2\/media?parent=2879"}],"curies":[{"name":"wp","href":"https:\/\/api.w.org\/{rel}","templated":true}]}}