{"id":237,"date":"2021-02-23T12:41:37","date_gmt":"2021-02-23T11:41:37","guid":{"rendered":"https:\/\/logisel.org\/ville-emmerin\/wordpress\/?page_id=237"},"modified":"2024-09-02T18:29:57","modified_gmt":"2024-09-02T16:29:57","slug":"divers","status":"publish","type":"page","link":"https:\/\/www.emmerin.fr\/index.php\/divers\/","title":{"rendered":"Divers"},"content":{"rendered":"\n<p><\/p>\n\n\n\n<figure class=\"wp-block-image size-large\"><img loading=\"lazy\" decoding=\"async\" width=\"1024\" height=\"683\" src=\"https:\/\/logisel.org\/ville-emmerin\/wordpress\/wp-content\/uploads\/2021\/03\/association-1024x683.jpg\" alt=\"\" class=\"wp-image-582\" srcset=\"https:\/\/www.emmerin.fr\/wp-content\/uploads\/2021\/03\/association-1024x683.jpg 1024w, https:\/\/www.emmerin.fr\/wp-content\/uploads\/2021\/03\/association-300x200.jpg 300w, https:\/\/www.emmerin.fr\/wp-content\/uploads\/2021\/03\/association-768x512.jpg 768w, https:\/\/www.emmerin.fr\/wp-content\/uploads\/2021\/03\/association-90x60.jpg 90w, https:\/\/www.emmerin.fr\/wp-content\/uploads\/2021\/03\/association-420x280.jpg 420w, https:\/\/www.emmerin.fr\/wp-content\/uploads\/2021\/03\/association.jpg 1200w\" sizes=\"auto, (max-width: 1024px) 100vw, 1024px\" \/><\/figure>\n\n\n\n<p><\/p>\n\n\n\n<p><\/p>\n\n\n\n<h2 class=\"wp-block-heading has-text-align-center has-vivid-cyan-blue-color has-text-color has-large-font-size\">Animation et Entre-Aide<\/h2>\n\n\n\n<p><\/p>\n\n\n\n<p><\/p>\n\n\n\n<p><\/p>\n\n\n\n<p class=\"has-vivid-cyan-blue-color has-text-color has-medium-font-size\">Les Yeux Ouverts<\/p>\n\n\n\n<figure class=\"wp-block-image size-large\"><img loading=\"lazy\" decoding=\"async\" width=\"1016\" height=\"1024\" src=\"https:\/\/www.emmerin.fr\/wp-content\/uploads\/2023\/09\/2CD57AC7-3141-4CC4-8DB2-40FECAE6E42B-1016x1024.jpeg\" alt=\"\" class=\"wp-image-3433\" srcset=\"https:\/\/www.emmerin.fr\/wp-content\/uploads\/2023\/09\/2CD57AC7-3141-4CC4-8DB2-40FECAE6E42B-1016x1024.jpeg 1016w, https:\/\/www.emmerin.fr\/wp-content\/uploads\/2023\/09\/2CD57AC7-3141-4CC4-8DB2-40FECAE6E42B-298x300.jpeg 298w, https:\/\/www.emmerin.fr\/wp-content\/uploads\/2023\/09\/2CD57AC7-3141-4CC4-8DB2-40FECAE6E42B-150x150.jpeg 150w, https:\/\/www.emmerin.fr\/wp-content\/uploads\/2023\/09\/2CD57AC7-3141-4CC4-8DB2-40FECAE6E42B-768x774.jpeg 768w, https:\/\/www.emmerin.fr\/wp-content\/uploads\/2023\/09\/2CD57AC7-3141-4CC4-8DB2-40FECAE6E42B-1525x1536.jpeg 1525w, https:\/\/www.emmerin.fr\/wp-content\/uploads\/2023\/09\/2CD57AC7-3141-4CC4-8DB2-40FECAE6E42B-2033x2048.jpeg 2033w, https:\/\/www.emmerin.fr\/wp-content\/uploads\/2023\/09\/2CD57AC7-3141-4CC4-8DB2-40FECAE6E42B-60x60.jpeg 60w\" sizes=\"auto, (max-width: 1016px) 100vw, 1016px\" \/><\/figure>\n\n\n\n<figure class=\"wp-block-table\"><table><tbody><tr><td>Mme Fanny De Breyne<\/td><td>06 85 62 64 72<\/td><\/tr><\/tbody><\/table><\/figure>\n\n\n\n<p><a href=\"https:\/\/www.facebook.com\/oly.national\">https:\/\/www.facebook.com\/oly.national<\/a><\/p>\n\n\n\n<p>lesyeuxouvertsemmerin@gmail.com<\/p>\n\n\n\n<p><a href=\"http:\/\/lesyeuxouvertsemmerin.blogspot.com\/p\/blog-page_7.html\">http:\/\/lesyeuxouvertsemmerin.blogspot.com\/p\/blog-page_7.html<\/a><\/p>\n\n\n\n<p><span style=\"text-decoration: underline;\">Pr\u00e9sentation de l&rsquo;association <\/span>: <\/p>\n\n\n\n<p>Anglais ludique pour les enfants de 3 \u00e0 12 ans. Acqu\u00e9rir l&rsquo;aisance \u00e0 l&rsquo;oral dans la langue anglaise. <\/p>\n\n\n\n<p>Horaires : 14h45 \u00e0 15h45 : confirm\u00e9s, jusqu\u2019\u00e0 environ 12 ans (CE2 -CM2) <\/p>\n\n\n\n<p>16h00 \u00e0 17h00 : D\u00e9butants de primaire (CP &#8211; CE2)<\/p>\n\n\n\n<p>17h30 \u00e0 18h15 : D\u00e9butants de maternelle , d\u00e8s 3 ans <\/p>\n\n\n\n<p><\/p>\n\n\n\n<p><\/p>\n\n\n\n<p><\/p>\n\n\n\n<p><\/p>\n\n\n\n<p class=\"has-vivid-cyan-blue-color has-text-color has-medium-font-size\"><\/p>\n\n\n\n<p><\/p>\n\n\n\n<figure class=\"wp-block-table\"><table><tbody><tr><td><\/td><td><\/td><\/tr><\/tbody><\/table><\/figure>\n\n\n\n<p class=\"has-vivid-cyan-blue-color has-text-color has-medium-font-size\">Amicale du Personnel de la Commune d&rsquo;Emmerin<\/p>\n\n\n\n<figure class=\"wp-block-table\"><table><tbody><tr><td>Mme Dominique Griffet<br>1, Rue des Fusill\u00e9s<br>59320 Emmerin<\/td><td>03 20 07 17 60<\/td><\/tr><\/tbody><\/table><\/figure>\n\n\n\n<p class=\"has-vivid-cyan-blue-color has-text-color has-medium-font-size\"><\/p>\n\n\n\n<p class=\"has-pale-cyan-blue-color has-text-color has-medium-font-size\"><strong>De la sape en troc<\/strong><\/p>\n\n\n\n<figure class=\"wp-block-image size-medium\"><img loading=\"lazy\" decoding=\"async\" width=\"256\" height=\"300\" src=\"https:\/\/www.emmerin.fr\/wp-content\/uploads\/2022\/11\/Capture-decran-2022-11-07-a-12.47.13-256x300.png\" alt=\"\" class=\"wp-image-2817\" srcset=\"https:\/\/www.emmerin.fr\/wp-content\/uploads\/2022\/11\/Capture-decran-2022-11-07-a-12.47.13-256x300.png 256w, https:\/\/www.emmerin.fr\/wp-content\/uploads\/2022\/11\/Capture-decran-2022-11-07-a-12.47.13-51x60.png 51w, https:\/\/www.emmerin.fr\/wp-content\/uploads\/2022\/11\/Capture-decran-2022-11-07-a-12.47.13.png 583w\" sizes=\"auto, (max-width: 256px) 100vw, 256px\" \/><\/figure>\n\n\n\n<p>De la sape en troc est une association \u00e0 but non lucratif d\u2019\u00e9change ou de dons de v\u00eatements et accessoires. Ouverture tous les samedi \u00e0 9 h \u00e0 midi. Place du G\u00e9n\u00e9ral de Gaulle , derri\u00e8re le restaurant.<\/p>\n\n\n\n<p>Lien Facebook :<\/p>\n\n\n\n<p><a href=\"https:\/\/www.facebook.com\/profile.php?id=100087472987326\">https:\/\/www.facebook.com\/profile.php?id=100087472987326<\/a><\/p>\n\n\n\n<p><\/p>\n\n\n\n<p><\/p>\n\n\n\n<p><\/p>\n\n\n\n<p><\/p>\n\n\n\n<p class=\"has-text-align-center has-vivid-cyan-blue-color has-text-color has-large-font-size\"><\/p>\n\n\n\n<p><\/p>\n\n\n\n<p><\/p>\n\n\n\n<p><\/p>\n\n\n\n<p><\/p>\n\n\n\n<p><\/p>\n\n\n\n<p><\/p>\n\n\n\n<p class=\"has-vivid-cyan-blue-color has-text-color has-medium-font-size\"><br><\/p>\n\n\n\n<p><\/p>\n\n\n\n<figure class=\"wp-block-table\"><table><tbody><tr><td><\/td><td><\/td><\/tr><\/tbody><\/table><\/figure>\n\n\n\n<p><\/p>\n\n\n\n<p><\/p>\n\n\n\n<p><\/p>\n\n\n\n<p class=\"has-text-align-center has-vivid-cyan-blue-color has-text-color has-large-font-size\">Autres<\/p>\n\n\n\n<p class=\"has-vivid-cyan-blue-color has-text-color has-medium-font-size\">Paroisse Saint Marc<\/p>\n\n\n\n<p><\/p>\n\n\n\n<figure class=\"wp-block-table\"><table><tbody><tr><td>M l&rsquo;Abb\u00e9 Bertrand UYTTENHOUE<br>22, rue Koenig<br>59211 Santes<\/td><td>03 20 57 04 28<\/td><\/tr><\/tbody><\/table><\/figure>\n\n\n\n<p><a href=\"http:\/\/paroissestmarc.free.fr\/\">http:\/\/paroissestmarc.free.fr\/<\/a><\/p>\n\n\n\n<p><\/p>\n\n\n\n<p><\/p>\n\n\n\n<p><\/p>\n\n\n\n<p><\/p>\n\n\n\n<p class=\"has-vivid-cyan-blue-color has-text-color has-medium-font-size\">Association des Parents d&rsquo;\u00e9l\u00e8ves<\/p>\n\n\n\n<p><\/p>\n\n\n\n<figure class=\"wp-block-table\"><table><tbody><tr><td><br>Pr\u00e9sidente : <br> <br> Mme Ledoux Elodie<br><br><br>\u00a0<\/td><td><\/td><\/tr><\/tbody><\/table><\/figure>\n\n\n\n<p><span style=\"text-decoration: underline;\">Pr\u00e9sentation de l&rsquo;association :<\/span><\/p>\n\n\n\n<p> Une association de parents d&rsquo;\u00e9l\u00e8ves est compos\u00e9e uniquement de parents d&rsquo;\u00e9l\u00e8ves b\u00e9n\u00e9voles, \u0153uvrant pour am\u00e9liorer le bien-\u00eatre des enfants dans les \u00e9coles.<\/p>\n\n\n\n<p>Nous organisons entre autres des manifestations servant \u00e0 r\u00e9colter des fonds pour financer l&rsquo;achat de mat\u00e9riel (mat\u00e9riel de sport, \u00e9quipement multim\u00e9dia, &#8230;), tout ou partie des sorties (sorties de fin d&rsquo;ann\u00e9e, classes des neiges, &#8230;) ou de projets p\u00e9dagogiques propos\u00e9s et mis en place par les enseignants.<\/p>\n\n\n\n<p>Enfin il nous faut beaucoup de temps et d&rsquo;\u00e9nergie pour mettre sur pied la kermesse de fin d&rsquo;ann\u00e9e qui permet de terminer l&rsquo;ann\u00e9e scolaire en beaut\u00e9 !<\/p>\n\n\n\n<p><\/p>\n\n\n\n<p><br><a href=\"http:\/\/ape.emmerin.free.fr\/\" target=\"_blank\" rel=\"noreferrer noopener\">ape-emmerin@proton.me.<\/a><\/p>\n\n\n\n<h2 class=\"wp-block-heading has-vivid-cyan-blue-color has-text-color has-medium-font-size\"><\/h2>\n\n\n\n<p><\/p>\n\n\n\n<figure class=\"wp-block-table\"><table><tbody><tr><td><\/td><td><\/td><\/tr><\/tbody><\/table><\/figure>\n","protected":false},"excerpt":{"rendered":"<p>Animation et Entre-Aide Les Yeux Ouverts Mme Fanny De Breyne 06 85 62 64 72 https:\/\/www.facebook.com\/oly.national lesyeuxouvertsemmerin@gmail.com http:\/\/lesyeuxouvertsemmerin.blogspot.com\/p\/blog-page_7.html Pr\u00e9sentation de l&rsquo;association : Anglais ludique pour les enfants de 3 \u00e0&hellip;<\/p>\n","protected":false},"author":1,"featured_media":0,"parent":0,"menu_order":0,"comment_status":"closed","ping_status":"closed","template":"","meta":{"footnotes":""},"class_list":["post-237","page","type-page","status-publish","hentry"],"_links":{"self":[{"href":"https:\/\/www.emmerin.fr\/index.php\/wp-json\/wp\/v2\/pages\/237","targetHints":{"allow":["GET"]}}],"collection":[{"href":"https:\/\/www.emmerin.fr\/index.php\/wp-json\/wp\/v2\/pages"}],"about":[{"href":"https:\/\/www.emmerin.fr\/index.php\/wp-json\/wp\/v2\/types\/page"}],"author":[{"embeddable":true,"href":"https:\/\/www.emmerin.fr\/index.php\/wp-json\/wp\/v2\/users\/1"}],"replies":[{"embeddable":true,"href":"https:\/\/www.emmerin.fr\/index.php\/wp-json\/wp\/v2\/comments?post=237"}],"version-history":[{"count":24,"href":"https:\/\/www.emmerin.fr\/index.php\/wp-json\/wp\/v2\/pages\/237\/revisions"}],"predecessor-version":[{"id":4067,"href":"https:\/\/www.emmerin.fr\/index.php\/wp-json\/wp\/v2\/pages\/237\/revisions\/4067"}],"wp:attachment":[{"href":"https:\/\/www.emmerin.fr\/index.php\/wp-json\/wp\/v2\/media?parent=237"}],"curies":[{"name":"wp","href":"https:\/\/api.w.org\/{rel}","templated":true}]}}