{"id":125,"date":"2020-12-08T16:06:41","date_gmt":"2020-12-08T15:06:41","guid":{"rendered":"https:\/\/logisel.org\/ville-emmerin\/wordpress\/?page_id=125"},"modified":"2026-02-15T18:36:21","modified_gmt":"2026-02-15T17:36:21","slug":"ecoles","status":"publish","type":"page","link":"https:\/\/www.emmerin.fr\/index.php\/ecoles\/","title":{"rendered":"Ecoles"},"content":{"rendered":"\n<div class=\"wp-block-file\"><a id=\"wp-block-file--media-c30a9e32-ce1b-49f1-993c-de0f881b9ce9\" href=\"https:\/\/www.emmerin.fr\/wp-content\/uploads\/2026\/02\/Inscriptions-maternelle.doc\">Inscriptions maternelle<\/a><\/div>\n\n\n\n<div class=\"wp-block-file\"><a id=\"wp-block-file--media-50fcb08a-80d5-40f6-837c-7d28d8f28321\" href=\"https:\/\/www.emmerin.fr\/wp-content\/uploads\/2026\/02\/Inscriptions-primaire.doc\">Inscriptions primaire<\/a><a href=\"https:\/\/www.emmerin.fr\/wp-content\/uploads\/2026\/02\/Inscriptions-primaire.doc\" class=\"wp-block-file__button wp-element-button\" download aria-describedby=\"wp-block-file--media-50fcb08a-80d5-40f6-837c-7d28d8f28321\">T\u00e9l\u00e9charger<\/a><\/div>\n\n\n\n<h2 class=\"wp-block-heading\"><strong>INSCRIPTIONS 2026\/202<\/strong>7<\/h2>\n\n\n\n<h1 class=\"wp-block-heading has-vivid-cyan-blue-color has-text-color\">\u00c9cole Primaire<\/h1>\n\n\n\n<p>Directeur Mr Maxime BERTIER    T\u00e9l : 03 20 07 43 87<\/p>\n\n\n\n<figure class=\"wp-block-image\"><img decoding=\"async\" src=\"http:\/\/www.ville-emmerin.net\/photos\/retourenimages\/2017\/9\/ECOLE-PRIM.JPG\" alt=\"\"\/><\/figure>\n\n\n\n<p>Les professeurs des \u00e9coles par classe<\/p>\n\n\n\n<p>&#8211; Mme DERCHE&nbsp; CP<\/p>\n\n\n\n<p>&#8211; Mme TROUVILLE CP<\/p>\n\n\n\n<p>&#8211; Mme DESCENDRE CE1<\/p>\n\n\n\n<p>&#8211; Mme DUPRE CE1\/CE2<\/p>\n\n\n\n<p>&#8211; Mme BAR CE2<\/p>\n\n\n\n<p>&#8211; Mme PIOTROWSKI CM1<\/p>\n\n\n\n<p>-Mr BERTIER CM1\/CM2<\/p>\n\n\n\n<p>&#8211; Mme DENUE CM2<\/p>\n\n\n\n<h1 class=\"wp-block-heading has-vivid-cyan-blue-color has-text-color\">\u00c9cole Maternelle<\/h1>\n\n\n\n<p>Directrice Mme Marl\u00e8ne BLOT&nbsp; T\u00e9l :03 20 07 03 43<\/p>\n\n\n\n<figure class=\"wp-block-image\"><img decoding=\"async\" src=\"http:\/\/www.ville-emmerin.net\/photos\/retourenimages\/2017\/9\/ECOLE-MAT.JPG\" alt=\"\"\/><\/figure>\n\n\n\n<p>Les professeurs des \u00e9coles par classe<\/p>\n\n\n\n<p>&#8211; Mme PONCE  PS<\/p>\n\n\n\n<p>&#8211; Mme DUFRENOY MS \/ PS<\/p>\n\n\n\n<p>&#8211; Mme ARIOLI MS<\/p>\n\n\n\n<p>&#8211; Mme BLOT GS<\/p>\n\n\n\n<p>&#8211; Mme GRARD GS<\/p>\n\n\n\n<p><\/p>\n\n\n\n<p><\/p>\n\n\n\n<h2 class=\"wp-block-heading has-vivid-cyan-blue-color has-text-color\">Inscription RESTAURATION ET ACTIVITES PERISCOLAIRES <\/h2>\n\n\n\n<p><\/p>\n\n\n\n<figure class=\"wp-block-image size-large\"><img loading=\"lazy\" decoding=\"async\" width=\"600\" height=\"400\" src=\"https:\/\/logisel.org\/ville-emmerin\/wordpress\/wp-content\/uploads\/2021\/03\/5edfa243496a3_ecole_31-4815324.jpg\" alt=\"\" class=\"wp-image-609\" srcset=\"https:\/\/www.emmerin.fr\/wp-content\/uploads\/2021\/03\/5edfa243496a3_ecole_31-4815324.jpg 600w, https:\/\/www.emmerin.fr\/wp-content\/uploads\/2021\/03\/5edfa243496a3_ecole_31-4815324-300x200.jpg 300w, https:\/\/www.emmerin.fr\/wp-content\/uploads\/2021\/03\/5edfa243496a3_ecole_31-4815324-90x60.jpg 90w, https:\/\/www.emmerin.fr\/wp-content\/uploads\/2021\/03\/5edfa243496a3_ecole_31-4815324-420x280.jpg 420w\" sizes=\"auto, (max-width: 600px) 100vw, 600px\" \/><\/figure>\n\n\n\n<p><\/p>\n\n\n\n<p><\/p>\n\n\n\n<p>Madame, Monsieur,<\/p>\n\n\n\n<p>Votre enfant est inscrit \u00e0 l\u2019\u00e9cole Simons pour la rentr\u00e9e de septembre 2025. Vous devez d\u00e8s \u00e0 pr\u00e9sent d\u00e9poser sur le Portail Famille tous les documents demand\u00e9s.<\/p>\n\n\n\n<p>Apr\u00e8s validation par la mairie, vous pourrez r\u00e9server les repas de cantine de votre enfant, ses pr\u00e9sences en garderie ainsi que les Mercredis r\u00e9cr\u00e9atifs.<\/p>\n\n\n\n<p><\/p>\n\n\n\n<p><\/p>\n\n\n\n<p><\/p>\n\n\n\n<p><\/p>\n","protected":false},"excerpt":{"rendered":"<p>INSCRIPTIONS 2026\/2027 \u00c9cole Primaire Directeur Mr Maxime BERTIER T\u00e9l : 03 20 07 43 87 Les professeurs des \u00e9coles par classe &#8211; Mme DERCHE&nbsp; CP &#8211; Mme TROUVILLE CP &#8211;&hellip;<\/p>\n","protected":false},"author":1,"featured_media":0,"parent":0,"menu_order":0,"comment_status":"closed","ping_status":"closed","template":"","meta":{"footnotes":""},"class_list":["post-125","page","type-page","status-publish","hentry"],"_links":{"self":[{"href":"https:\/\/www.emmerin.fr\/index.php\/wp-json\/wp\/v2\/pages\/125","targetHints":{"allow":["GET"]}}],"collection":[{"href":"https:\/\/www.emmerin.fr\/index.php\/wp-json\/wp\/v2\/pages"}],"about":[{"href":"https:\/\/www.emmerin.fr\/index.php\/wp-json\/wp\/v2\/types\/page"}],"author":[{"embeddable":true,"href":"https:\/\/www.emmerin.fr\/index.php\/wp-json\/wp\/v2\/users\/1"}],"replies":[{"embeddable":true,"href":"https:\/\/www.emmerin.fr\/index.php\/wp-json\/wp\/v2\/comments?post=125"}],"version-history":[{"count":34,"href":"https:\/\/www.emmerin.fr\/index.php\/wp-json\/wp\/v2\/pages\/125\/revisions"}],"predecessor-version":[{"id":5106,"href":"https:\/\/www.emmerin.fr\/index.php\/wp-json\/wp\/v2\/pages\/125\/revisions\/5106"}],"wp:attachment":[{"href":"https:\/\/www.emmerin.fr\/index.php\/wp-json\/wp\/v2\/media?parent=125"}],"curies":[{"name":"wp","href":"https:\/\/api.w.org\/{rel}","templated":true}]}}