{"id":1153,"date":"2021-08-05T09:58:49","date_gmt":"2021-08-05T07:58:49","guid":{"rendered":"https:\/\/www.emmerin.fr\/?page_id=1153"},"modified":"2021-08-20T08:17:28","modified_gmt":"2021-08-20T06:17:28","slug":"la-mutuelle-communale","status":"publish","type":"page","link":"https:\/\/www.emmerin.fr\/index.php\/la-mutuelle-communale\/","title":{"rendered":"Mutuelle communale"},"content":{"rendered":"\n<p>Nous vous rappelons qu\u2019en tant qu\u2019habitants de notre commune, vous avez acc\u00e8s \u00e0 notre offre de mutuelle communale en partenariat avec la Mutuelle Just.<\/p>\n\n\n\n<p>Gr\u00e2ce \u00e0 cette offre vous avez acc\u00e8s \u00e0 une compl\u00e9mentaire sant\u00e9 aux tarifs n\u00e9goci\u00e9s directement avec vos \u00e9lus. Ce partenariat vous permet aussi d\u2019avoir un acc\u00e8s facilit\u00e9 aux soins et \u00e0 des offres compl\u00e9mentaires de qualit\u00e9.<\/p>\n\n\n\n<p>La Mutuelle Just vous pr\u00e9sente en vid\u00e9o le concept de mutuelle communale&nbsp;:<\/p>\n\n\n\n<figure class=\"wp-block-embed is-type-video is-provider-youtube wp-block-embed-youtube wp-embed-aspect-16-9 wp-has-aspect-ratio\"><div class=\"wp-block-embed__wrapper\">\n<iframe loading=\"lazy\" title=\"Mutuelle sant\u00e9 et mairie : qu&#039;est-ce qu&#039;une &quot;mutuelle communale&quot; ?\" width=\"560\" height=\"315\" src=\"https:\/\/www.youtube.com\/embed\/JTgvrjMO7xw?start=7&#038;feature=oembed\" frameborder=\"0\" allow=\"accelerometer; autoplay; clipboard-write; encrypted-media; gyroscope; picture-in-picture; web-share\" referrerpolicy=\"strict-origin-when-cross-origin\" allowfullscreen><\/iframe>\n<\/div><\/figure>\n\n\n\n<p>Pour plus d\u2019informations vous pouvez appeler le num\u00e9ro d\u00e9di\u00e9 de la Mutuelle Just&nbsp;: 03 27 28 98 98.<\/p>\n\n\n\n<p>Chaque personne, chaque famille est un cas particulier. Vous pouvez consulter la mutuelle qui vous proposera le meilleur prix adapt\u00e9 \u00e0 votre situation.<\/p>\n\n\n\n<div class=\"wp-block-file\"><a href=\"https:\/\/www.emmerin.fr\/wp-content\/uploads\/2021\/08\/Tableau-des-garanties-mutuelle-JUST.pdf\">Tableau des garanties mutuelle JUST<\/a><a href=\"https:\/\/www.emmerin.fr\/wp-content\/uploads\/2021\/08\/Tableau-des-garanties-mutuelle-JUST.pdf\" class=\"wp-block-file__button\" download>T\u00e9l\u00e9charger<\/a><\/div>\n\n\n\n<p><\/p>\n\n\n\n<p><\/p>\n\n\n\n<p><\/p>\n","protected":false},"excerpt":{"rendered":"<p>Nous vous rappelons qu\u2019en tant qu\u2019habitants de notre commune, vous avez acc\u00e8s \u00e0 notre offre de mutuelle communale en partenariat avec la Mutuelle Just. Gr\u00e2ce \u00e0 cette offre vous avez&hellip;<\/p>\n","protected":false},"author":1,"featured_media":0,"parent":0,"menu_order":1,"comment_status":"closed","ping_status":"closed","template":"","meta":{"footnotes":""},"class_list":["post-1153","page","type-page","status-publish","hentry"],"_links":{"self":[{"href":"https:\/\/www.emmerin.fr\/index.php\/wp-json\/wp\/v2\/pages\/1153","targetHints":{"allow":["GET"]}}],"collection":[{"href":"https:\/\/www.emmerin.fr\/index.php\/wp-json\/wp\/v2\/pages"}],"about":[{"href":"https:\/\/www.emmerin.fr\/index.php\/wp-json\/wp\/v2\/types\/page"}],"author":[{"embeddable":true,"href":"https:\/\/www.emmerin.fr\/index.php\/wp-json\/wp\/v2\/users\/1"}],"replies":[{"embeddable":true,"href":"https:\/\/www.emmerin.fr\/index.php\/wp-json\/wp\/v2\/comments?post=1153"}],"version-history":[{"count":6,"href":"https:\/\/www.emmerin.fr\/index.php\/wp-json\/wp\/v2\/pages\/1153\/revisions"}],"predecessor-version":[{"id":1185,"href":"https:\/\/www.emmerin.fr\/index.php\/wp-json\/wp\/v2\/pages\/1153\/revisions\/1185"}],"wp:attachment":[{"href":"https:\/\/www.emmerin.fr\/index.php\/wp-json\/wp\/v2\/media?parent=1153"}],"curies":[{"name":"wp","href":"https:\/\/api.w.org\/{rel}","templated":true}]}}